{"id":77,"date":"2017-02-09T13:15:46","date_gmt":"2017-02-09T13:15:46","guid":{"rendered":"http:\/\/varstor.com\/web\/?page_id=77"},"modified":"2020-11-08T19:54:00","modified_gmt":"2020-11-08T18:54:00","slug":"home-1","status":"publish","type":"page","link":"http:\/\/varstor.com\/web\/","title":{"rendered":"Domov"},"content":{"rendered":"<p>[vc_row full_width=&#8221;stretch_row_content_no_spaces&#8221;][vc_column][rev_slider_vc alias=&#8221;slider-1&#8243;][\/vc_column][\/vc_row][vc_row full_width=&#8221;stretch_row&#8221; css=&#8221;.vc_custom_1487250699514{background-color: #f0f0f0 !important;}&#8221;][vc_column][vc_empty_space height=&#8221;3.4rem&#8221; alter_height=&#8221;none&#8221; hide_on_mobile=&#8221;&#8221;]<div class=\"sc_services sc_services_default\"><div class=\"sc_services_columns sc_item_columns sc_item_columns_4 trx_addons_columns_wrap columns_padding_bottom\"><div class=\"trx_addons_column-1_4\"><div class=\"sc_services_item with_content with_icon sc_services_item_featured_top\">\n\t<a href=\"http:\/\/varstor.com\/web\/?cpt_services=nasi-produkti\"\n\t\t\t id=\"sc_services_928795271_icon-product1\"\n\t\t\t class=\"sc_services_item_icon icon-product1\"\n\t\t\t ><\/a>\t\n\t<div class=\"sc_services_item_info\">\n\t\t<div class=\"sc_services_item_header\">\n\t\t\t<h3 class=\"sc_services_item_title\"><a href=\"http:\/\/varstor.com\/web\/?cpt_services=nasi-produkti\">Na\u0161i produkti<\/a><\/h3>\n\t\t<\/div>\n\t\t\t\t\t<div class=\"sc_services_item_content\">\n                <p>Foto galerija na\u0161ih produktov<\/p>\n<\/div>\n\t\t\t<div class=\"sc_services_item_button sc_item_button\"><a href=\"http:\/\/varstor.com\/web\/?cpt_services=nasi-produkti\" class=\"sc_button\">read more<\/a><\/div>\n\t\t\t<\/div>\n<\/div>\n<\/div><div class=\"trx_addons_column-1_4\"><div class=\"sc_services_item with_content with_icon sc_services_item_featured_top\">\n\t<a href=\"http:\/\/varstor.com\/web\/?cpt_services=prevozi\"\n\t\t\t id=\"sc_services_928795271_icon-location\"\n\t\t\t class=\"sc_services_item_icon icon-location\"\n\t\t\t ><\/a>\t\n\t<div class=\"sc_services_item_info\">\n\t\t<div class=\"sc_services_item_header\">\n\t\t\t<h3 class=\"sc_services_item_title\"><a href=\"http:\/\/varstor.com\/web\/?cpt_services=prevozi\">Prevozi<\/a><\/h3>\n\t\t<\/div>\n\t\t\t\t\t<div class=\"sc_services_item_content\">\n                <p>Opravljamo\u00a0in organiziramo\u00a0prevoze razli\u010dnih vrst tovora.<\/p>\n<\/div>\n\t\t\t<div class=\"sc_services_item_button sc_item_button\"><a href=\"http:\/\/varstor.com\/web\/?cpt_services=prevozi\" class=\"sc_button\">read more<\/a><\/div>\n\t\t\t<\/div>\n<\/div>\n<\/div><div class=\"trx_addons_column-1_4\"><div class=\"sc_services_item with_content with_icon sc_services_item_featured_top\">\n\t<a href=\"http:\/\/varstor.com\/web\/?cpt_services=razrez\"\n\t\t\t id=\"sc_services_928795271_icon-8\"\n\t\t\t class=\"sc_services_item_icon icon-8\"\n\t\t\t ><\/a>\t\n\t<div class=\"sc_services_item_info\">\n\t\t<div class=\"sc_services_item_header\">\n\t\t\t<h3 class=\"sc_services_item_title\"><a href=\"http:\/\/varstor.com\/web\/?cpt_services=razrez\">Razrez<\/a><\/h3>\n\t\t<\/div>\n\t\t\t\t\t<div class=\"sc_services_item_content\">\n                <p>Tra\u010dna \u017eaga \u2022 CNC plazemski razrez<\/p>\n<\/div>\n\t\t\t<div class=\"sc_services_item_button sc_item_button\"><a href=\"http:\/\/varstor.com\/web\/?cpt_services=razrez\" class=\"sc_button\">read more<\/a><\/div>\n\t\t\t<\/div>\n<\/div>\n<\/div><div class=\"trx_addons_column-1_4\"><div class=\"sc_services_item with_content with_icon sc_services_item_featured_top\">\n\t<a href=\"http:\/\/varstor.com\/web\/?cpt_services=varjenje\"\n\t\t\t id=\"sc_services_928795271_icon-3\"\n\t\t\t class=\"sc_services_item_icon icon-3\"\n\t\t\t ><\/a>\t\n\t<div class=\"sc_services_item_info\">\n\t\t<div class=\"sc_services_item_header\">\n\t\t\t<h3 class=\"sc_services_item_title\"><a href=\"http:\/\/varstor.com\/web\/?cpt_services=varjenje\">Varjenje<\/a><\/h3>\n\t\t<\/div>\n\t\t\t\t\t<div class=\"sc_services_item_content\">\n                <p>ROBOTSKO\/SERIJSKO VARJENJE \u2022 TIG, MIG\/MAG VARJENJE<\/p>\n<\/div>\n\t\t\t<div class=\"sc_services_item_button sc_item_button\"><a href=\"http:\/\/varstor.com\/web\/?cpt_services=varjenje\" class=\"sc_button\">read more<\/a><\/div>\n\t\t\t<\/div>\n<\/div>\n<\/div><\/div><\/div><!-- \/.sc_services -->[vc_empty_space height=&#8221;1.4rem&#8221; alter_height=&#8221;none&#8221; hide_on_mobile=&#8221;&#8221;][\/vc_column][\/vc_row][vc_row][vc_column][vc_empty_space alter_height=&#8221;large&#8221; hide_on_mobile=&#8221;&#8221;]<div class=\"sc_services sc_services_default\"><h6 class=\"sc_item_subtitle sc_services_subtitle sc_align_center sc_item_title_style_default\">O nas<\/h6><h2 class=\"sc_item_title sc_services_title sc_align_center sc_item_title_style_default sc_item_title_tag\">Dobrodo\u0161li!<\/h2><div class=\"sc_services_columns sc_item_columns sc_item_columns_3 trx_addons_columns_wrap columns_padding_bottom\"><div class=\"trx_addons_column-1_3\"><div class=\"sc_services_item without_content with_image sc_services_item_featured_top\">\n\t<div class=\"post_featured with_thumb hover_icon sc_services_item_thumb\"><img width=\"740\" height=\"520\" src=\"http:\/\/varstor.com\/web\/wp-content\/uploads\/2020\/08\/H2c3a0c7ab59e461aa14868339b82c484p-740x520.jpg\" class=\"attachment-franco-thumb-med size-franco-thumb-med wp-post-image\" alt=\"Sanacija\" loading=\"lazy\" \/><div class=\"mask\"><\/div><div class=\"icons\"><a href=\"http:\/\/varstor.com\/web\/?cpt_services=sanacija\" aria-hidden=\"true\" class=\"icon-009-link\"><\/a><\/div><\/div>\t\n\t<div class=\"sc_services_item_info\">\n\t\t<div class=\"sc_services_item_header\">\n\t\t\t<h3 class=\"sc_services_item_title\"><a href=\"http:\/\/varstor.com\/web\/?cpt_services=sanacija\">Sanacija<\/a><\/h3>\n\t\t<\/div>\n\t\t\t<\/div>\n<\/div>\n<\/div><div class=\"trx_addons_column-1_3\"><div class=\"sc_services_item without_content with_image sc_services_item_featured_top\">\n\t<div class=\"post_featured with_thumb hover_icon sc_services_item_thumb\"><img width=\"740\" height=\"520\" src=\"http:\/\/varstor.com\/web\/wp-content\/uploads\/2020\/08\/iStock_000026623478Large3-740x520.jpg\" class=\"attachment-franco-thumb-med size-franco-thumb-med wp-post-image\" alt=\"Barvanje\" loading=\"lazy\" \/><div class=\"mask\"><\/div><div class=\"icons\"><a href=\"http:\/\/varstor.com\/web\/?cpt_services=barvanje\" aria-hidden=\"true\" class=\"icon-009-link\"><\/a><\/div><\/div>\t\n\t<div class=\"sc_services_item_info\">\n\t\t<div class=\"sc_services_item_header\">\n\t\t\t<h3 class=\"sc_services_item_title\"><a href=\"http:\/\/varstor.com\/web\/?cpt_services=barvanje\">Barvanje<\/a><\/h3>\n\t\t<\/div>\n\t\t\t<\/div>\n<\/div>\n<\/div><div class=\"trx_addons_column-1_3\"><div class=\"sc_services_item without_content with_image sc_services_item_featured_top\">\n\t<div class=\"post_featured with_thumb hover_icon sc_services_item_thumb\"><img width=\"740\" height=\"520\" src=\"http:\/\/varstor.com\/web\/wp-content\/uploads\/2020\/08\/iStock-1164943425-740x520.jpg\" class=\"attachment-franco-thumb-med size-franco-thumb-med wp-post-image\" alt=\"Na\u010drtovanje\" loading=\"lazy\" \/><div class=\"mask\"><\/div><div class=\"icons\"><a href=\"http:\/\/varstor.com\/web\/?cpt_services=nacrtovanje\" aria-hidden=\"true\" class=\"icon-009-link\"><\/a><\/div><\/div>\t\n\t<div class=\"sc_services_item_info\">\n\t\t<div class=\"sc_services_item_header\">\n\t\t\t<h3 class=\"sc_services_item_title\"><a href=\"http:\/\/varstor.com\/web\/?cpt_services=nacrtovanje\">Na\u010drtovanje<\/a><\/h3>\n\t\t<\/div>\n\t\t\t<\/div>\n<\/div>\n<\/div><\/div><div class=\"sc_item_button sc_item_button_default sc_services_button sc_align_center sc_button_wrap\"><a href=\"http:\/\/varstor.com\/web\/?page_id=1328\" id=\"sc_button_1059474236\" class=\"sc_button sc_button_default sc_button_size_normal sc_button_icon_left\"><span class=\"sc_button_text\"><span class=\"sc_button_title\">Preberi ve\u010d<\/span><\/span><!-- \/.sc_button_text --><\/a><!-- \/.sc_button --><\/div><!-- \/.sc_item_button sc_item_button_default sc_services_button sc_align_center --><\/div><!-- \/.sc_services -->[vc_empty_space alter_height=&#8221;middle&#8221; hide_on_mobile=&#8221;&#8221; css=&#8221;.vc_custom_1489156721958{margin-bottom: 0.35rem !important;}&#8221;][\/vc_column][\/vc_row][vc_row full_width=&#8221;stretch_row&#8221; parallax=&#8221;content-moving&#8221; parallax_image=&#8221;371&#8243; parallax_speed_bg=&#8221;2&#8243; scheme=&#8221;dark&#8221; css=&#8221;.vc_custom_1489151111570{background-image: url(http:\/\/varstor.com\/web\/wp-content\/uploads\/2017\/02\/parallax.jpg?id=371) !important;background-position: center;background-repeat: no-repeat;background-size:cover;}&#8221;][vc_column icons_position=&#8221;left&#8221; offset=&#8221;vc_col-lg-6 vc_col-md-6&#8243;][vc_empty_space alter_height=&#8221;huge&#8221; hide_on_mobile=&#8221;&#8221;][vc_single_image image=&#8221;368&#8243; img_size=&#8221;full&#8221; alignment=&#8221;center&#8221;][\/vc_column][vc_column icons_position=&#8221;left&#8221; offset=&#8221;vc_col-lg-6 vc_col-md-6&#8243;][vc_empty_space alter_height=&#8221;huge&#8221; hide_on_mobile=&#8221;&#8221;][vc_tta_tabs alignment=&#8221;right&#8221; active_section=&#8221;1&#8243; no_fill_content_area=&#8221;true&#8221; css=&#8221;.vc_custom_1489150170580{margin-top: 1rem !important;}&#8221;][vc_tta_section tab_id=&#8221;1477405762488-c3f7942c-2514&#8243;]<div id=\"sc_title_393315238\"\n\t\tclass=\"sc_title sc_title_default\"><h6 class=\"sc_item_subtitle sc_title_subtitle sc_align_center sc_item_title_style_default\">Varstor<\/h6><h2 class=\"sc_item_title sc_title_title sc_align_center sc_item_title_style_default\">O nas<\/h2><\/div><!-- \/.sc_title -->[vc_column_text css=&#8221;.vc_custom_1597406967191{margin-top: 2.3rem !important;margin-bottom: 1.1rem !important;}&#8221;]<\/p>\n<h3 class=\"trx_addons_no_margins\" style=\"text-align: center;\">Varjenje \u2022 Monta\u017ea \u2022 Prevozi<\/h3>\n<p>[\/vc_column_text][vc_column_text css=&#8221;.vc_custom_1602702113363{margin-bottom: 1.75rem !important;}&#8221;]<\/p>\n<p style=\"text-align: center;\">Podjetje VARSTOR je mlado in uspe\u0161no podjetje za proizvodnjo kovinskih izdelkov in storitev. Svojim naro\u010dnikom ponujamo kompletno storitev od na\u010drtovanja, izdelave, monta\u017ee in sanacije \u017eelenega produkta.<\/p>\n<p>[\/vc_column_text]<div class=\"sc_item_button sc_button_wrap sc_align_center\"><a href=\"http:\/\/varstor.com\/web\/?page_id=1328\" id=\"sc_button_767124457\" class=\"sc_button sc_button_default sc_button_size_normal sc_button_icon_left\"><span class=\"sc_button_text\"><span class=\"sc_button_title\">preberi ve\u010d<\/span><\/span><!-- \/.sc_button_text --><\/a><!-- \/.sc_button --><\/div><!-- \/.sc_item_button -->[\/vc_tta_section][\/vc_tta_tabs][vc_empty_space alter_height=&#8221;huge&#8221; hide_on_mobile=&#8221;&#8221; css=&#8221;.vc_custom_1489411049900{margin-bottom: 1.8rem !important;}&#8221;][\/vc_column][\/vc_row][vc_row full_width=&#8221;stretch_row&#8221; css=&#8221;.vc_custom_1577452960311{background-color: #f0f0f0 !important;}&#8221;][vc_column][vc_empty_space alter_height=&#8221;medium&#8221; hide_on_mobile=&#8221;&#8221; css=&#8221;.vc_custom_1489056646373{margin-bottom: 0.6rem !important;}&#8221;]<div id=\"widget_slider_1936815135\" class=\"widget_area sc_widget_slider vc_widget_slider wpb_content_element\"><aside id=\"widget_slider_1936815135_widget\" class=\"widget widget_slider\">\t\t\t<div class=\"slider_wrap slider_engine_swiper\">\n\t\t\t\t<div id=\"widget_slider_1936815135_outer\" class=\"slider_swiper_outer slider_style_default slider_outer_direction_horizontal slider_outer_nocontrols slider_outer_nopagination slider_outer_titles_center slider_outer_multi\"><div id=\"widget_slider_1936815135_swiper\" class=\"slider_swiper swiper-slider-container slider_direction_horizontal slider_nocontrols slider_nopagination slider_titles_center slider_multi slider_noresize slider_height_auto slider_type_images\" data-ratio=\"16:9\" data-interval=\"7000\" data-effect=\"slide\" data-pagination=\"bullets\" data-direction=\"horizontal\" data-slides-per-view=\"8\" data-slides-space=\"0\">\n\t\t\t\t\t\t<div class=\"swiper-wrapper\"><div  class=\"swiper-slide\" data-image=\"http:\/\/varstor.com\/web\/wp-content\/uploads\/2020\/09\/amsel_f.png\" style=\"\"><img src=\"http:\/\/varstor.com\/web\/wp-content\/uploads\/2020\/09\/amsel_f.png\" alt=\"\"><\/div><div  class=\"swiper-slide\" data-image=\"http:\/\/varstor.com\/web\/wp-content\/uploads\/2020\/09\/kolektor_f.png\" style=\"\"><img src=\"http:\/\/varstor.com\/web\/wp-content\/uploads\/2020\/09\/kolektor_f.png\" alt=\"\"><\/div><div  class=\"swiper-slide\" data-image=\"http:\/\/varstor.com\/web\/wp-content\/uploads\/2020\/09\/jaken_f.png\" style=\"\"><img src=\"http:\/\/varstor.com\/web\/wp-content\/uploads\/2020\/09\/jaken_f.png\" alt=\"\"><\/div><div  class=\"swiper-slide\" data-image=\"http:\/\/varstor.com\/web\/wp-content\/uploads\/2020\/09\/hermi.png\" style=\"\"><img src=\"http:\/\/varstor.com\/web\/wp-content\/uploads\/2020\/09\/hermi.png\" alt=\"\"><\/div><div  class=\"swiper-slide\" data-image=\"http:\/\/varstor.com\/web\/wp-content\/uploads\/2020\/09\/sip_F.png\" style=\"\"><img src=\"http:\/\/varstor.com\/web\/wp-content\/uploads\/2020\/09\/sip_F.png\" alt=\"\"><\/div><div  class=\"swiper-slide\" data-image=\"http:\/\/varstor.com\/web\/wp-content\/uploads\/2020\/09\/htz_f.png\" style=\"\"><img src=\"http:\/\/varstor.com\/web\/wp-content\/uploads\/2020\/09\/htz_f.png\" alt=\"\"><\/div><div  class=\"swiper-slide\" data-image=\"http:\/\/varstor.com\/web\/wp-content\/uploads\/2020\/09\/vija_f.png\" style=\"\"><img src=\"http:\/\/varstor.com\/web\/wp-content\/uploads\/2020\/09\/vija_f.png\" alt=\"\"><\/div><div  class=\"swiper-slide\" data-image=\"http:\/\/varstor.com\/web\/wp-content\/uploads\/2020\/09\/rimo_f.png\" style=\"\"><img src=\"http:\/\/varstor.com\/web\/wp-content\/uploads\/2020\/09\/rimo_f.png\" alt=\"\"><\/div><\/div><!-- \/.swiper-wripper --><\/div><!-- \/.slider_swiper --><\/div><!-- \/.slider_swiper_outer -->\t\t\t<\/div>\n\t\t\t<\/aside><\/div>[vc_empty_space alter_height=&#8221;medium&#8221; hide_on_mobile=&#8221;&#8221; css=&#8221;.vc_custom_1489056646373{margin-bottom: 0.6rem !important;}&#8221;][\/vc_column][\/vc_row][vc_row][vc_column css=&#8221;.vc_custom_1604861631886{margin-top: 50px !important;}&#8221;][vc_single_image image=&#8221;1436&#8243; img_size=&#8221;full&#8221; alignment=&#8221;center&#8221; style=&#8221;vc_box_shadow&#8221; onclick=&#8221;zoom&#8221;][\/vc_column][\/vc_row]<\/p>\n","protected":false},"excerpt":{"rendered":"<p>[vc_row full_width=&#8221;stretch_row_content_no_spaces&#8221;][vc_column][rev_slider_vc alias=&#8221;slider-1&#8243;][\/vc_column][\/vc_row][vc_row full_width=&#8221;stretch_row&#8221; css=&#8221;.vc_custom_1487250699514{background-color: #f0f0f0 !important;}&#8221;][vc_column][vc_empty_space height=&#8221;3.4rem&#8221; alter_height=&#8221;none&#8221; hide_on_mobile=&#8221;&#8221;][vc_empty_space height=&#8221;1.4rem&#8221; alter_height=&#8221;none&#8221; hide_on_mobile=&#8221;&#8221;][\/vc_column][\/vc_row][vc_row][vc_column][vc_empty_space alter_height=&#8221;large&#8221; hide_on_mobile=&#8221;&#8221;][vc_empty_space alter_height=&#8221;middle&#8221; hide_on_mobile=&#8221;&#8221; css=&#8221;.vc_custom_1489156721958{margin-bottom: 0.35rem !important;}&#8221;][\/vc_column][\/vc_row][vc_row full_width=&#8221;stretch_row&#8221; parallax=&#8221;content-moving&#8221; parallax_image=&#8221;371&#8243; parallax_speed_bg=&#8221;2&#8243; scheme=&#8221;dark&#8221; css=&#8221;.vc_custom_1489151111570{background-image: url(http:\/\/varstor.com\/web\/wp-content\/uploads\/2017\/02\/parallax.jpg?id=371) !important;background-position: center;background-repeat: no-repeat;background-size:cover;}&#8221;][vc_column icons_position=&#8221;left&#8221; offset=&#8221;vc_col-lg-6 vc_col-md-6&#8243;][vc_empty_space alter_height=&#8221;huge&#8221; hide_on_mobile=&#8221;&#8221;][vc_single_image image=&#8221;368&#8243; img_size=&#8221;full&#8221; alignment=&#8221;center&#8221;][\/vc_column][vc_column icons_position=&#8221;left&#8221; offset=&#8221;vc_col-lg-6&hellip;<\/p>\n","protected":false},"author":1,"featured_media":0,"parent":0,"menu_order":0,"comment_status":"closed","ping_status":"closed","template":"","meta":[],"_links":{"self":[{"href":"http:\/\/varstor.com\/web\/index.php?rest_route=\/wp\/v2\/pages\/77"}],"collection":[{"href":"http:\/\/varstor.com\/web\/index.php?rest_route=\/wp\/v2\/pages"}],"about":[{"href":"http:\/\/varstor.com\/web\/index.php?rest_route=\/wp\/v2\/types\/page"}],"author":[{"embeddable":true,"href":"http:\/\/varstor.com\/web\/index.php?rest_route=\/wp\/v2\/users\/1"}],"replies":[{"embeddable":true,"href":"http:\/\/varstor.com\/web\/index.php?rest_route=%2Fwp%2Fv2%2Fcomments&post=77"}],"version-history":[{"count":32,"href":"http:\/\/varstor.com\/web\/index.php?rest_route=\/wp\/v2\/pages\/77\/revisions"}],"predecessor-version":[{"id":1438,"href":"http:\/\/varstor.com\/web\/index.php?rest_route=\/wp\/v2\/pages\/77\/revisions\/1438"}],"wp:attachment":[{"href":"http:\/\/varstor.com\/web\/index.php?rest_route=%2Fwp%2Fv2%2Fmedia&parent=77"}],"curies":[{"name":"wp","href":"https:\/\/api.w.org\/{rel}","templated":true}]}}